{"id":9,"date":"2022-11-09T17:50:24","date_gmt":"2022-11-09T16:50:24","guid":{"rendered":"https:\/\/slbconsulting.fr\/?page_id=9"},"modified":"2025-06-26T13:48:43","modified_gmt":"2025-06-26T11:48:43","slug":"qui-sommes-nous","status":"publish","type":"page","link":"https:\/\/slbconsulting.fr\/index.php\/qui-sommes-nous\/","title":{"rendered":"Qui sommes nous ?"},"content":{"rendered":"\n<div class=\"wp-block-cover alignfull is-light\" style=\"min-height:374px;aspect-ratio:unset;\"><img loading=\"lazy\" decoding=\"async\" width=\"1920\" height=\"450\" class=\"wp-block-cover__image-background wp-image-761\" alt=\"\" src=\"http:\/\/slbconsulting.fr\/wp-content\/uploads\/2023\/10\/Resilience-et-Performance-Mental-dExcellence-14.png\" data-object-fit=\"cover\" srcset=\"https:\/\/slbconsulting.fr\/wp-content\/uploads\/2023\/10\/Resilience-et-Performance-Mental-dExcellence-14.png 1920w, https:\/\/slbconsulting.fr\/wp-content\/uploads\/2023\/10\/Resilience-et-Performance-Mental-dExcellence-14-300x70.png 300w, https:\/\/slbconsulting.fr\/wp-content\/uploads\/2023\/10\/Resilience-et-Performance-Mental-dExcellence-14-1024x240.png 1024w, https:\/\/slbconsulting.fr\/wp-content\/uploads\/2023\/10\/Resilience-et-Performance-Mental-dExcellence-14-768x180.png 768w, https:\/\/slbconsulting.fr\/wp-content\/uploads\/2023\/10\/Resilience-et-Performance-Mental-dExcellence-14-1536x360.png 1536w\" sizes=\"auto, (max-width: 1920px) 100vw, 1920px\" \/><span aria-hidden=\"true\" class=\"wp-block-cover__background has-nv-site-bg-background-color has-background-dim-20 has-background-dim\"><\/span><div class=\"wp-block-cover__inner-container is-layout-flow wp-block-cover-is-layout-flow\">\n<p class=\"has-text-align-left has-nv-dark-bg-color has-text-color has-x-large-font-size\"> <strong>QUI SOMMES NOUS<\/strong><\/p>\n\n\n\n<div style=\"height:154px\" aria-hidden=\"true\" class=\"wp-block-spacer\"><\/div>\n<\/div><\/div>\n\n\n\n<div style=\"height:89px\" aria-hidden=\"true\" class=\"wp-block-spacer\"><\/div>\n\n\n\n<p style=\"font-size:21px\">SLB Consulting vous conseille et vous accompagne dans vos projets ou objectifs en vous proposant une offre de coachings et de formations. Nous privil\u00e9gions une \u00e9coute tr\u00e8s attentive \u00e0 vos besoins et c\u2019est en ce sens que nous vous laissons choisir les modules qui vous int\u00e9ressent, disponibles dans \u201c nos prestations\u201d. Composez votre programme en fonction de l\u2019\u00e9tude de vos attentes et revenez vers nous afin que l\u2019on vous puisse vous en dire plus.<\/p>\n\n\n\n<div style=\"height:23px\" aria-hidden=\"true\" class=\"wp-block-spacer\"><\/div>\n\n\n<div class=\"wp-block-image is-resized\">\n<figure class=\"aligncenter size-full\"><img loading=\"lazy\" decoding=\"async\" width=\"482\" height=\"137\" src=\"http:\/\/slbconsulting.fr\/wp-content\/uploads\/2022\/11\/cropped-Preparation_Mentale__1_-removebg-preview.png\" alt=\"SLB Consulting logo\" class=\"wp-image-176\" srcset=\"https:\/\/slbconsulting.fr\/wp-content\/uploads\/2022\/11\/cropped-Preparation_Mentale__1_-removebg-preview.png 482w, https:\/\/slbconsulting.fr\/wp-content\/uploads\/2022\/11\/cropped-Preparation_Mentale__1_-removebg-preview-300x85.png 300w\" sizes=\"auto, (max-width: 482px) 100vw, 482px\" \/><\/figure>\n<\/div>\n\n\n<div style=\"height:60px\" aria-hidden=\"true\" class=\"wp-block-spacer\"><\/div>\n\n\n\n<p style=\"font-size:21px\">D\u00e9couvrez notre offre privil\u00e8ge, qui allie pr\u00e9paration mentale et AN MO TUI NA pour une reconnexion \u00e0 soi et un v\u00e9ritable l\u00e2cher prise. Offrez vous la cl\u00e9 de la performance dans le caract\u00e8re innovant du <strong>life balance<\/strong>.  Retrouvez votre \u00e9nergie gr\u00e2ce aux massages chinois ou ayurv\u00e9diques. <\/p>\n\n\n\n<p style=\"font-size:21px\">Pr\u00e9parez vos comp\u00e9titions avec le massage du sportif particuli\u00e8rement adapt\u00e9 \u00e0 la pr\u00e9paration et r\u00e9cup\u00e9ration musculaire. Apprenez des techniques pour am\u00e9liorer votre \u00e9tat de forme en autonomie.  <\/p>\n\n\n\n<div style=\"height:23px\" aria-hidden=\"true\" class=\"wp-block-spacer\"><\/div>\n\n\n<div class=\"wp-block-image\">\n<figure class=\"aligncenter size-large is-resized\"><img loading=\"lazy\" decoding=\"async\" width=\"1024\" height=\"1024\" src=\"http:\/\/slbconsulting.fr\/wp-content\/uploads\/2023\/10\/dfggf-1024x1024.jpg\" alt=\"\" class=\"wp-image-701\" style=\"object-fit:cover;width:240px;height:240px\" srcset=\"https:\/\/slbconsulting.fr\/wp-content\/uploads\/2023\/10\/dfggf-1024x1024.jpg 1024w, https:\/\/slbconsulting.fr\/wp-content\/uploads\/2023\/10\/dfggf-300x300.jpg 300w, https:\/\/slbconsulting.fr\/wp-content\/uploads\/2023\/10\/dfggf-150x150.jpg 150w, https:\/\/slbconsulting.fr\/wp-content\/uploads\/2023\/10\/dfggf-768x768.jpg 768w, https:\/\/slbconsulting.fr\/wp-content\/uploads\/2023\/10\/dfggf.jpg 1200w\" sizes=\"auto, (max-width: 1024px) 100vw, 1024px\" \/><\/figure>\n<\/div>\n\n\n<div style=\"height:60px\" aria-hidden=\"true\" class=\"wp-block-spacer\"><\/div>\n\n\n\n<div class=\"wp-block-cover alignfull\" style=\"min-height:162px;aspect-ratio:unset;\"><span aria-hidden=\"true\" class=\"wp-block-cover__background has-nv-dark-bg-background-color has-background-dim-100 has-background-dim\"><\/span><div class=\"wp-block-cover__inner-container is-layout-constrained wp-block-cover-is-layout-constrained\">\n<div style=\"height:28px\" aria-hidden=\"true\" class=\"wp-block-spacer\"><\/div>\n\n\n\n<p class=\"has-text-align-center has-large-font-size\"><strong>NOTRE \u00c9QUIPE<\/strong> <\/p>\n<\/div><\/div>\n\n\n\n<div style=\"height:100px\" aria-hidden=\"true\" class=\"wp-block-spacer\"><\/div>\n\n\n\n<div style=\"height:39px\" aria-hidden=\"true\" class=\"wp-block-spacer\"><\/div>\n\n\n\n<div class=\"wp-block-columns is-layout-flex wp-container-core-columns-is-layout-9d6595d7 wp-block-columns-is-layout-flex\">\n<div class=\"wp-block-column is-layout-flow wp-block-column-is-layout-flow\" style=\"flex-basis:33.33%\">\n<div style=\"height:20px\" aria-hidden=\"true\" class=\"wp-block-spacer\"><\/div>\n\n\n<div class=\"wp-block-image is-style-rounded\">\n<figure class=\"aligncenter size-full is-resized\"><img loading=\"lazy\" decoding=\"async\" width=\"1024\" height=\"683\" src=\"http:\/\/slbconsulting.fr\/wp-content\/uploads\/2022\/11\/SEB7257-1-1024x683-1.jpg\" alt=\"\" class=\"wp-image-63\" style=\"aspect-ratio:1;object-fit:cover;width:259px;height:auto\" srcset=\"https:\/\/slbconsulting.fr\/wp-content\/uploads\/2022\/11\/SEB7257-1-1024x683-1.jpg 1024w, https:\/\/slbconsulting.fr\/wp-content\/uploads\/2022\/11\/SEB7257-1-1024x683-1-300x200.jpg 300w, https:\/\/slbconsulting.fr\/wp-content\/uploads\/2022\/11\/SEB7257-1-1024x683-1-768x512.jpg 768w, https:\/\/slbconsulting.fr\/wp-content\/uploads\/2022\/11\/SEB7257-1-1024x683-1-930x620.jpg 930w\" sizes=\"auto, (max-width: 1024px) 100vw, 1024px\" \/><\/figure>\n<\/div>\n\n\n<div style=\"height:27px\" aria-hidden=\"true\" class=\"wp-block-spacer\"><\/div>\n\n\n\n<h3 class=\"wp-block-heading has-text-align-center\" style=\"font-size:30px\">Sylvie LEBOUVIER <\/h3>\n<\/div>\n\n\n\n<div class=\"wp-block-column is-layout-flow wp-block-column-is-layout-flow\" style=\"flex-basis:66.66%\">\n<p style=\"font-size:25px\"><strong>Fondatrice SLB Consulting<\/strong> <br><strong>Pr\u00e9paratrice mentale, praticienne, formatrice, conf\u00e9renci\u00e8re<\/strong><\/p>\n\n\n\n<div style=\"height:10px\" aria-hidden=\"true\" class=\"wp-block-spacer\"><\/div>\n\n\n\n<p style=\"font-size:21px\">Dipl\u00f4m\u00e9e d\u2019un Master II Recherches en Sciences Humaines et Sociales, d\u2019un BTS Management et certifi\u00e9e en pr\u00e9paration mentale j\u2019ai eu la chance d\u2019exercer en qualit\u00e9 de m\u00e9diatrice et conf\u00e9renci\u00e8re pour diff\u00e9rentes institutions. Passionn\u00e9e par la rencontre de publics toujours diff\u00e9rents mon parcours s\u2019est enrichi d\u2019accompagnements ou de coachings qui d\u00e9finissent mon exp\u00e9rience et ma vibration. Durant ces ann\u00e9es je me suis form\u00e9e \u00e0 la gestion du stress et \u00e0 l\u2019optimisation du potentiel gr\u00e2ce \u00e0 diff\u00e9rentes techniques professionnelles. De mon envie d\u2019apprendre mais aussi de transmettre ont d\u00e9coul\u00e9s naturellement des programmes sur-mesure que je prends plaisir \u00e0 partager avec vous.<\/p>\n<\/div>\n<\/div>\n\n\n\n<div style=\"height:39px\" aria-hidden=\"true\" class=\"wp-block-spacer\"><\/div>\n\n\n\n<div class=\"wp-block-columns is-layout-flex wp-container-core-columns-is-layout-9d6595d7 wp-block-columns-is-layout-flex\">\n<div class=\"wp-block-column is-layout-flow wp-block-column-is-layout-flow\" style=\"flex-basis:66.66%\">\n<div style=\"height:100px\" aria-hidden=\"true\" class=\"wp-block-spacer\"><\/div>\n\n\n\n<p style=\"font-size:25px\"><strong>Responsable formation bien-\u00eatre <\/strong><br><strong>Massoth\u00e9rapeute, formateur,  conf\u00e9rencier, auteur<\/strong><\/p>\n\n\n\n<div style=\"height:10px\" aria-hidden=\"true\" class=\"wp-block-spacer\"><\/div>\n\n\n\n<p style=\"font-size:21px\">Sportif puis licenci\u00e9 en STAPS (Sciences Techniques des Activit\u00e9s Physiques et Sportives), j\u2019enseigne au sein de diff\u00e9rents instituts, centres et universit\u00e9s notamment \u00e0 l\u2019ISH, l\u2019Institut des Sciences de l\u2019Homme. Durant ce parcours, je d\u00e9couvre la pratique du massage Bien-\u00catre qui m\u2019ouvre sur une nouvelle approche : psychologique, physique, \u00e9nerg\u00e9tique et \u00e9motionnelle de l\u2019\u00eatre. Je forme depuis \u00e0 diff\u00e9rentes techniques apr\u00e8s avoir moi-m\u00eame pratiqu\u00e9 et propose un ensemble de formations \u00e0 d\u00e9couvrir sur : manuelrianco.com&nbsp;<br><br>Si vous souhaitez en savoir davantage je vous invite \u00e0 d\u00e9couvrir les techniques et le regard que je porte sur un m\u00e9tier que j\u2019exerce avec passion depuis plus de quinze ans dans mes ouvrages :<br><br>&#8211; Le amma, l\u2019art de vivre en harmonie, le massage assis une technique en mouvance.<br>&#8211; L\u2019art du massage bien-\u00eatre, le toucher pr\u00e9cieux pour l\u2019\u00eatre dans sa globalit\u00e9. Editions et Vie<\/p>\n<\/div>\n\n\n\n<div class=\"wp-block-column is-layout-flow wp-block-column-is-layout-flow\" style=\"flex-basis:33.33%\">\n<div style=\"height:27px\" aria-hidden=\"true\" class=\"wp-block-spacer\"><\/div>\n\n\n\n<div style=\"height:140px\" aria-hidden=\"true\" class=\"wp-block-spacer\"><\/div>\n\n\n<div class=\"wp-block-image is-style-rounded\">\n<figure class=\"aligncenter size-full is-resized\"><img loading=\"lazy\" decoding=\"async\" width=\"1000\" height=\"1000\" src=\"http:\/\/slbconsulting.fr\/wp-content\/uploads\/2023\/10\/Design-sans-titre-32.png\" alt=\"\" class=\"wp-image-687\" style=\"aspect-ratio:1;object-fit:cover;width:259px;height:auto\" srcset=\"https:\/\/slbconsulting.fr\/wp-content\/uploads\/2023\/10\/Design-sans-titre-32.png 1000w, https:\/\/slbconsulting.fr\/wp-content\/uploads\/2023\/10\/Design-sans-titre-32-300x300.png 300w, https:\/\/slbconsulting.fr\/wp-content\/uploads\/2023\/10\/Design-sans-titre-32-150x150.png 150w, https:\/\/slbconsulting.fr\/wp-content\/uploads\/2023\/10\/Design-sans-titre-32-768x768.png 768w\" sizes=\"auto, (max-width: 1000px) 100vw, 1000px\" \/><\/figure>\n<\/div>\n\n\n<div style=\"height:27px\" aria-hidden=\"true\" class=\"wp-block-spacer\"><\/div>\n\n\n\n<h3 class=\"wp-block-heading has-text-align-center\" style=\"font-size:30px\">Manuel RIANCO<\/h3>\n<\/div>\n<\/div>\n\n\n\n<div style=\"height:39px\" aria-hidden=\"true\" class=\"wp-block-spacer\"><\/div>\n\n\n\n<div class=\"wp-block-columns is-layout-flex wp-container-core-columns-is-layout-9d6595d7 wp-block-columns-is-layout-flex\">\n<div class=\"wp-block-column is-layout-flow wp-block-column-is-layout-flow\" style=\"flex-basis:66.66%\">\n<div style=\"height:33px\" aria-hidden=\"true\" class=\"wp-block-spacer\"><\/div>\n\n\n\n<div style=\"height:59px\" aria-hidden=\"true\" class=\"wp-block-spacer\"><\/div>\n<\/div>\n\n\n\n<div class=\"wp-block-column is-layout-flow wp-block-column-is-layout-flow\" style=\"flex-basis:33.33%\">\n<div style=\"height:27px\" aria-hidden=\"true\" class=\"wp-block-spacer\"><\/div>\n\n\n\n<div style=\"height:60px\" aria-hidden=\"true\" class=\"wp-block-spacer\"><\/div>\n\n\n\n<div style=\"height:27px\" aria-hidden=\"true\" class=\"wp-block-spacer\"><\/div>\n<\/div>\n<\/div>\n\n\n\n<div style=\"height:100px\" aria-hidden=\"true\" class=\"wp-block-spacer\"><\/div>\n","protected":false},"excerpt":{"rendered":"<p>SLB Consulting vous conseille et vous accompagne dans vos projets ou objectifs en vous proposant une offre de coachings et de formations. Nous privil\u00e9gions une \u00e9coute tr\u00e8s attentive \u00e0 vos besoins et c\u2019est en ce sens que nous vous laissons choisir les modules qui vous int\u00e9ressent, disponibles dans \u201c nos prestations\u201d. Composez votre programme en&hellip;&nbsp;<a href=\"https:\/\/slbconsulting.fr\/index.php\/qui-sommes-nous\/\" rel=\"bookmark\">Read More &raquo;<span class=\"screen-reader-text\">Qui sommes nous ?<\/span><\/a><\/p>\n","protected":false},"author":1,"featured_media":0,"parent":0,"menu_order":5,"comment_status":"closed","ping_status":"closed","template":"","meta":{"_uag_custom_page_level_css":"","neve_meta_sidebar":"","neve_meta_container":"","neve_meta_enable_content_width":"on","neve_meta_content_width":100,"neve_meta_title_alignment":"","neve_meta_author_avatar":"","neve_post_elements_order":"","neve_meta_disable_header":"","neve_meta_disable_footer":"","neve_meta_disable_title":"on","footnotes":""},"class_list":["post-9","page","type-page","status-publish","hentry"],"yoast_head":"<!-- This site is optimized with the Yoast SEO plugin v24.6 - https:\/\/yoast.com\/wordpress\/plugins\/seo\/ -->\n<title>Qui sommes nous ? - SLB Consulting<\/title>\n<meta name=\"description\" content=\"Optimisez vos performances professionnelles avec SLB Consulting, sp\u00e9cialiste en pr\u00e9paration mentale et facteurs humains\" \/>\n<meta name=\"robots\" content=\"index, follow, max-snippet:-1, max-image-preview:large, max-video-preview:-1\" \/>\n<link rel=\"canonical\" href=\"https:\/\/slbconsulting.fr\/index.php\/qui-sommes-nous\/\" \/>\n<meta property=\"og:locale\" content=\"en_US\" \/>\n<meta property=\"og:type\" content=\"article\" \/>\n<meta property=\"og:title\" content=\"Qui sommes nous ? - SLB Consulting\" \/>\n<meta property=\"og:description\" content=\"Optimisez vos performances professionnelles avec SLB Consulting, sp\u00e9cialiste en pr\u00e9paration mentale et facteurs humains\" \/>\n<meta property=\"og:url\" content=\"https:\/\/slbconsulting.fr\/index.php\/qui-sommes-nous\/\" \/>\n<meta property=\"og:site_name\" content=\"SLB CONSLTING\" \/>\n<meta property=\"article:publisher\" content=\"https:\/\/www.facebook.com\/SlbConsulting.PrepaMentale\" \/>\n<meta property=\"article:modified_time\" content=\"2025-06-26T11:48:43+00:00\" \/>\n<meta property=\"og:image\" content=\"http:\/\/slbconsulting.fr\/wp-content\/uploads\/2023\/10\/Resilience-et-Performance-Mental-dExcellence-14.png\" \/>\n<meta name=\"twitter:card\" content=\"summary_large_image\" \/>\n<meta name=\"twitter:label1\" content=\"Est. reading time\" \/>\n\t<meta name=\"twitter:data1\" content=\"3 minutes\" \/>\n<script type=\"application\/ld+json\" class=\"yoast-schema-graph\">{\"@context\":\"https:\/\/schema.org\",\"@graph\":[{\"@type\":\"WebPage\",\"@id\":\"https:\/\/slbconsulting.fr\/index.php\/qui-sommes-nous\/\",\"url\":\"https:\/\/slbconsulting.fr\/index.php\/qui-sommes-nous\/\",\"name\":\"Qui sommes nous ? - SLB Consulting\",\"isPartOf\":{\"@id\":\"https:\/\/slbconsulting.fr\/#website\"},\"primaryImageOfPage\":{\"@id\":\"https:\/\/slbconsulting.fr\/index.php\/qui-sommes-nous\/#primaryimage\"},\"image\":{\"@id\":\"https:\/\/slbconsulting.fr\/index.php\/qui-sommes-nous\/#primaryimage\"},\"thumbnailUrl\":\"http:\/\/slbconsulting.fr\/wp-content\/uploads\/2023\/10\/Resilience-et-Performance-Mental-dExcellence-14.png\",\"datePublished\":\"2022-11-09T16:50:24+00:00\",\"dateModified\":\"2025-06-26T11:48:43+00:00\",\"description\":\"Optimisez vos performances professionnelles avec SLB Consulting, sp\u00e9cialiste en pr\u00e9paration mentale et facteurs humains\",\"breadcrumb\":{\"@id\":\"https:\/\/slbconsulting.fr\/index.php\/qui-sommes-nous\/#breadcrumb\"},\"inLanguage\":\"en-US\",\"potentialAction\":[{\"@type\":\"ReadAction\",\"target\":[\"https:\/\/slbconsulting.fr\/index.php\/qui-sommes-nous\/\"]}]},{\"@type\":\"ImageObject\",\"inLanguage\":\"en-US\",\"@id\":\"https:\/\/slbconsulting.fr\/index.php\/qui-sommes-nous\/#primaryimage\",\"url\":\"https:\/\/slbconsulting.fr\/wp-content\/uploads\/2023\/10\/Resilience-et-Performance-Mental-dExcellence-14.png\",\"contentUrl\":\"https:\/\/slbconsulting.fr\/wp-content\/uploads\/2023\/10\/Resilience-et-Performance-Mental-dExcellence-14.png\",\"width\":1920,\"height\":450},{\"@type\":\"BreadcrumbList\",\"@id\":\"https:\/\/slbconsulting.fr\/index.php\/qui-sommes-nous\/#breadcrumb\",\"itemListElement\":[{\"@type\":\"ListItem\",\"position\":1,\"name\":\"Accueil\",\"item\":\"https:\/\/slbconsulting.fr\/\"},{\"@type\":\"ListItem\",\"position\":2,\"name\":\"Qui sommes nous ?\"}]},{\"@type\":\"WebSite\",\"@id\":\"https:\/\/slbconsulting.fr\/#website\",\"url\":\"https:\/\/slbconsulting.fr\/\",\"name\":\"SLB CONSLTING\",\"description\":\"\",\"publisher\":{\"@id\":\"https:\/\/slbconsulting.fr\/#organization\"},\"potentialAction\":[{\"@type\":\"SearchAction\",\"target\":{\"@type\":\"EntryPoint\",\"urlTemplate\":\"https:\/\/slbconsulting.fr\/?s={search_term_string}\"},\"query-input\":{\"@type\":\"PropertyValueSpecification\",\"valueRequired\":true,\"valueName\":\"search_term_string\"}}],\"inLanguage\":\"en-US\"},{\"@type\":\"Organization\",\"@id\":\"https:\/\/slbconsulting.fr\/#organization\",\"name\":\"SLB CONSLTING\",\"url\":\"https:\/\/slbconsulting.fr\/\",\"logo\":{\"@type\":\"ImageObject\",\"inLanguage\":\"en-US\",\"@id\":\"https:\/\/slbconsulting.fr\/#\/schema\/logo\/image\/\",\"url\":\"http:\/\/slbconsulting.fr\/wp-content\/uploads\/2023\/01\/cropped-Sans-titre-15-3.png\",\"contentUrl\":\"http:\/\/slbconsulting.fr\/wp-content\/uploads\/2023\/01\/cropped-Sans-titre-15-3.png\",\"width\":200,\"height\":49,\"caption\":\"SLB CONSLTING\"},\"image\":{\"@id\":\"https:\/\/slbconsulting.fr\/#\/schema\/logo\/image\/\"},\"sameAs\":[\"https:\/\/www.facebook.com\/SlbConsulting.PrepaMentale\",\"https:\/\/www.linkedin.com\/company\/slbconsulting-prepamentale\/?viewAsMember=true\"]}]}<\/script>\n<!-- \/ Yoast SEO plugin. -->","yoast_head_json":{"title":"Qui sommes nous ? - SLB Consulting","description":"Optimisez vos performances professionnelles avec SLB Consulting, sp\u00e9cialiste en pr\u00e9paration mentale et facteurs humains","robots":{"index":"index","follow":"follow","max-snippet":"max-snippet:-1","max-image-preview":"max-image-preview:large","max-video-preview":"max-video-preview:-1"},"canonical":"https:\/\/slbconsulting.fr\/index.php\/qui-sommes-nous\/","og_locale":"en_US","og_type":"article","og_title":"Qui sommes nous ? - SLB Consulting","og_description":"Optimisez vos performances professionnelles avec SLB Consulting, sp\u00e9cialiste en pr\u00e9paration mentale et facteurs humains","og_url":"https:\/\/slbconsulting.fr\/index.php\/qui-sommes-nous\/","og_site_name":"SLB CONSLTING","article_publisher":"https:\/\/www.facebook.com\/SlbConsulting.PrepaMentale","article_modified_time":"2025-06-26T11:48:43+00:00","og_image":[{"url":"http:\/\/slbconsulting.fr\/wp-content\/uploads\/2023\/10\/Resilience-et-Performance-Mental-dExcellence-14.png","type":"","width":"","height":""}],"twitter_card":"summary_large_image","twitter_misc":{"Est. reading time":"3 minutes"},"schema":{"@context":"https:\/\/schema.org","@graph":[{"@type":"WebPage","@id":"https:\/\/slbconsulting.fr\/index.php\/qui-sommes-nous\/","url":"https:\/\/slbconsulting.fr\/index.php\/qui-sommes-nous\/","name":"Qui sommes nous ? - SLB Consulting","isPartOf":{"@id":"https:\/\/slbconsulting.fr\/#website"},"primaryImageOfPage":{"@id":"https:\/\/slbconsulting.fr\/index.php\/qui-sommes-nous\/#primaryimage"},"image":{"@id":"https:\/\/slbconsulting.fr\/index.php\/qui-sommes-nous\/#primaryimage"},"thumbnailUrl":"http:\/\/slbconsulting.fr\/wp-content\/uploads\/2023\/10\/Resilience-et-Performance-Mental-dExcellence-14.png","datePublished":"2022-11-09T16:50:24+00:00","dateModified":"2025-06-26T11:48:43+00:00","description":"Optimisez vos performances professionnelles avec SLB Consulting, sp\u00e9cialiste en pr\u00e9paration mentale et facteurs humains","breadcrumb":{"@id":"https:\/\/slbconsulting.fr\/index.php\/qui-sommes-nous\/#breadcrumb"},"inLanguage":"en-US","potentialAction":[{"@type":"ReadAction","target":["https:\/\/slbconsulting.fr\/index.php\/qui-sommes-nous\/"]}]},{"@type":"ImageObject","inLanguage":"en-US","@id":"https:\/\/slbconsulting.fr\/index.php\/qui-sommes-nous\/#primaryimage","url":"https:\/\/slbconsulting.fr\/wp-content\/uploads\/2023\/10\/Resilience-et-Performance-Mental-dExcellence-14.png","contentUrl":"https:\/\/slbconsulting.fr\/wp-content\/uploads\/2023\/10\/Resilience-et-Performance-Mental-dExcellence-14.png","width":1920,"height":450},{"@type":"BreadcrumbList","@id":"https:\/\/slbconsulting.fr\/index.php\/qui-sommes-nous\/#breadcrumb","itemListElement":[{"@type":"ListItem","position":1,"name":"Accueil","item":"https:\/\/slbconsulting.fr\/"},{"@type":"ListItem","position":2,"name":"Qui sommes nous ?"}]},{"@type":"WebSite","@id":"https:\/\/slbconsulting.fr\/#website","url":"https:\/\/slbconsulting.fr\/","name":"SLB CONSLTING","description":"","publisher":{"@id":"https:\/\/slbconsulting.fr\/#organization"},"potentialAction":[{"@type":"SearchAction","target":{"@type":"EntryPoint","urlTemplate":"https:\/\/slbconsulting.fr\/?s={search_term_string}"},"query-input":{"@type":"PropertyValueSpecification","valueRequired":true,"valueName":"search_term_string"}}],"inLanguage":"en-US"},{"@type":"Organization","@id":"https:\/\/slbconsulting.fr\/#organization","name":"SLB CONSLTING","url":"https:\/\/slbconsulting.fr\/","logo":{"@type":"ImageObject","inLanguage":"en-US","@id":"https:\/\/slbconsulting.fr\/#\/schema\/logo\/image\/","url":"http:\/\/slbconsulting.fr\/wp-content\/uploads\/2023\/01\/cropped-Sans-titre-15-3.png","contentUrl":"http:\/\/slbconsulting.fr\/wp-content\/uploads\/2023\/01\/cropped-Sans-titre-15-3.png","width":200,"height":49,"caption":"SLB CONSLTING"},"image":{"@id":"https:\/\/slbconsulting.fr\/#\/schema\/logo\/image\/"},"sameAs":["https:\/\/www.facebook.com\/SlbConsulting.PrepaMentale","https:\/\/www.linkedin.com\/company\/slbconsulting-prepamentale\/?viewAsMember=true"]}]}},"uagb_featured_image_src":{"full":false,"thumbnail":false,"medium":false,"medium_large":false,"large":false,"1536x1536":false,"2048x2048":false,"neve-blog":false},"uagb_author_info":{"display_name":"admin3909","author_link":"https:\/\/slbconsulting.fr\/index.php\/author\/admin3909\/"},"uagb_comment_info":0,"uagb_excerpt":"SLB Consulting vous conseille et vous accompagne dans vos projets ou objectifs en vous proposant une offre de coachings et de formations. Nous privil\u00e9gions une \u00e9coute tr\u00e8s attentive \u00e0 vos besoins et c\u2019est en ce sens que nous vous laissons choisir les modules qui vous int\u00e9ressent, disponibles dans \u201c nos prestations\u201d. Composez votre programme en&hellip;&nbsp;Read&hellip;","_links":{"self":[{"href":"https:\/\/slbconsulting.fr\/index.php\/wp-json\/wp\/v2\/pages\/9","targetHints":{"allow":["GET"]}}],"collection":[{"href":"https:\/\/slbconsulting.fr\/index.php\/wp-json\/wp\/v2\/pages"}],"about":[{"href":"https:\/\/slbconsulting.fr\/index.php\/wp-json\/wp\/v2\/types\/page"}],"author":[{"embeddable":true,"href":"https:\/\/slbconsulting.fr\/index.php\/wp-json\/wp\/v2\/users\/1"}],"replies":[{"embeddable":true,"href":"https:\/\/slbconsulting.fr\/index.php\/wp-json\/wp\/v2\/comments?post=9"}],"version-history":[{"count":141,"href":"https:\/\/slbconsulting.fr\/index.php\/wp-json\/wp\/v2\/pages\/9\/revisions"}],"predecessor-version":[{"id":998,"href":"https:\/\/slbconsulting.fr\/index.php\/wp-json\/wp\/v2\/pages\/9\/revisions\/998"}],"wp:attachment":[{"href":"https:\/\/slbconsulting.fr\/index.php\/wp-json\/wp\/v2\/media?parent=9"}],"curies":[{"name":"wp","href":"https:\/\/api.w.org\/{rel}","templated":true}]}}